{"id":4030,"date":"2022-05-18T16:19:44","date_gmt":"2022-05-18T14:19:44","guid":{"rendered":"https:\/\/www.poljinos.hr\/science\/departments\/department-of-plant-breeding-and-small-cereal-crop-genetics\/projekti\/"},"modified":"2023-02-06T14:04:45","modified_gmt":"2023-02-06T13:04:45","slug":"projects","status":"publish","type":"page","link":"https:\/\/www.poljinos.hr\/en\/science\/departments\/department-of-small-cereal-crops-breeding-and-genetics\/projects\/","title":{"rendered":"Projects"},"content":{"rendered":"<p><a href=\"https:\/\/www.researchgate.net\/project\/GC-MS-based-metabolic-profiling-identifies-changes-in-the-winter-wheat-seed-following-Fusarium-treatment-MetaWheatSeed\" target=\"_blank\" rel=\"noopener\"><strong>EPPN2020 projects. GC\u2013MS based metabolic profiling identifies changes in the winter wheat seed following <em>Fusarium<\/em> treatment.<\/strong><\/a><br \/>\nFinanced by Horizon2020. (2021.).<br \/>\nProject leader: dr. sc. Valentina \u0160pani\u0107<\/p>\n<p><a href=\"https:\/\/www.researchgate.net\/project\/Improving-resistance-of-wheat-to-abiotic-and-biotic-stress\" target=\"_blank\" rel=\"noopener\"><strong>EU project: Response of winter wheat to biotic and abiotic stresses induced by climatic changes. <\/strong><\/a><br \/>\nEU funds. (2019-2022).<br \/>\nProject leader: dr. sc. Valentina \u0160pani\u0107<\/p>\n<p><a href=\"https:\/\/www.researchgate.net\/project\/Improving-resistance-of-wheat-to-abiotic-and-biotic-stress\" target=\"_blank\" rel=\"noopener\"><strong>Bilateral project between Croatia and China. Improving resistance of wheat to abiotic and biotic stress.<\/strong><\/a> (2019-2021).<br \/>\nProject leader: dr.sc.Valentina \u0160pani\u0107<\/p>\n<p><a href=\"https:\/\/www.researchgate.net\/project\/Genetic-variability-of-winter-wheat-varieties-based-on-Fusarium-head-blight-resistance\" target=\"_blank\" rel=\"noopener\"><strong>Bilateral project between Croatia and Hungary. Genetic variability of winter wheat varieties based on Fusarium head blight resistance. <\/strong><\/a>(2019-2021).<br \/>\nProject leader: dr. sc. Valentina \u0160pani\u0107<\/p>\n<p><a href=\"https:\/\/www.researchgate.net\/project\/Analyses-of-the-influence-of-leaf-rust-Puccinia-triticina-Erikss-on-carbohydrate-and-antioxidant-metabolism-and-phytohormones-of-wheat-by-combining-multispectral-imaging-with-physiological-phenotyping\" target=\"_blank\" rel=\"noopener\"><strong>EPPN2020 projects: Analyses of the influence of leaf rust (Puccinia triticina Erikss.) on carbohydrate and antioxidant metabolism and phytohormones of wheat by combining multispectral imaging with physiological phenotyping.<\/strong> <\/a><br \/>\nFinanced by Horizon2020. (2021, prolonged due to COVID).<br \/>\nProject leader: dr. sc. Valentina \u0160pani\u0107<\/p>\n<p><a href=\"http:\/\/www.hrzz.hr\/default.aspx?id=1205&amp;pid=2178&amp;rok=2016-06\" target=\"_blank\" rel=\"noopener\"><strong>Genetic improvement and optimization of wheat yield potential GI OPTI WHEAT (HRZZ-IP-06-2016-2178)<\/strong><\/a><br \/>\nProject leader: dr. sc. Dario Novoselovi\u0107<br \/>\nProject duration: 01.03.2017.-28.02.2021.<br \/>\nResearch project-Croatian Science Foundation<\/p>\n<p><strong>Measure: M10.2. Support to conservation of genetic resources in agriculture: Preservation, sustainable use and development of genetic resources in agriculture<\/strong><br \/>\nNational program of preservation and sustainable utilisation of plant genetic resources for food and agriculture: 2017-2020<br \/>\nParticipants from Department for Breeding and Genetcs of Small Grain Cereals:<br \/>\nKre\u0161imir Dvojkovi\u0107, PhD &#8211; winter wheat; Alojzije Lali\u0107, PhD &#8211; two and sir row winter and spring barley<br \/>\nFinanced by the European Agricultural Fund for Rural Development<\/p>\n<p><a href=\"http:\/\/www.mps.hr\/datastore\/filestore\/132\/Popis_odobrenih_VIP_projekata_za_sufinanciranje_za_2016.pdf\" target=\"_blank\" rel=\"noopener\"><strong>Development of bread and durum wheat germplasm for family farms in Republic of Croatia (2016-14-65)<\/strong><\/a><br \/>\nProject leader: dr. sc. Dario Novoselovi\u0107<br \/>\nProject duration: 2016.-2018.<br \/>\nResearch &amp; Development project &#8211; Ministry of Agriculture &#8211; Council for Agricultural Research<\/p>\n<p><a href=\"http:\/\/www.hrzz.hr\/default.aspx?id=1205&amp;pid=9188&amp;rok=2014-09\" target=\"_blank\" rel=\"noopener\"><strong>Wheat breeding for resistance to fusarium head blight combined with mycotoxin analysis and antioxidant pathways (HRZZ-UIP-2014-9188)<\/strong><\/a><br \/>\nProject leader: dr. sc. Valentina \u0160pani\u0107<br \/>\nProject duration: 01.06.2015. &#8211; 31.05.2018.<br \/>\nInstallation research project &#8211; Croatian Science Foundation<br \/>\n<strong><a href=\"http:\/\/www.wheat.poljinos.hr\/\" target=\"_blank\" rel=\"noopener\">http:\/\/www.wheat.poljinos.hr\/<\/a><\/strong><\/p>\n<p><a href=\"http:\/\/bib.irb.hr\/datoteka\/921120.Razvoj_proizvodnje_jecma_KB_internet.pdf\" target=\"_blank\" rel=\"noopener\"><strong>Development of production and utilisation of hulless barley in human nutrition, animal husbandry and malting (VIP-2015-13\/39)<\/strong><\/a><br \/>\nProject leader: doc. dr. sc. Alojzije Lali\u0107<br \/>\nProject duration: 2015.-2017.<br \/>\nResearch &amp; Development project &#8211; Ministry of Agriculture &#8211; Council for Agricultural Research<\/p>\n<p><strong><a href=\"http:\/\/zprojekti.mzos.hr\/public\/c-prikaz2_det.asp?uid=1999&amp;ID=517\" target=\"_blank\" rel=\"noopener\">New approach in wheat and barley breeding (0730718)<\/a><\/strong><br \/>\nProgramme leader: prof. dr. sc. Georg Drezner<br \/>\nProgramme duration: 2007.-2014.<br \/>\nScientific programme &#8211; Ministry of Science, Education and Sports<\/p>\n<p><strong><a href=\"http:\/\/zprojekti.mzos.hr\/public\/c2prikaz_det.asp?cid=1&amp;psid=21&amp;offset=20&amp;ID=2116\" target=\"_blank\" rel=\"noopener\">Development of new germplasm in breeding of quantitative traits of wheat (073-0730718-0598)<\/a> <\/strong><br \/>\nProject leader: prof. dr. sc. Georg Drezner<br \/>\nProject duration: 2007.-2014.<br \/>\nScientific project &#8211; Ministry of Science, Education and Sports (programme component)<\/p>\n<p><a href=\"http:\/\/zprojekti.mzos.hr\/public\/c2prikaz_det.asp?cid=1&amp;psid=21&amp;offset=60&amp;ID=2056\" target=\"_blank\" rel=\"noopener\"><strong>Genotipization and development of malting and fodder barley germplasm (073-0730718-0550)<\/strong><\/a><br \/>\nProject leader: doc. dr. sc. Alojzije Lali\u0107<br \/>\nProject duration: 2007.-2014.<br \/>\nScientific project &#8211; Ministry of Science, Education and Sports (programme component)<\/p>\n<p><strong><a href=\"http:\/\/zprojekti.mzos.hr\/public\/c2prikaz_det.asp?cid=1&amp;psid=21&amp;offset=80&amp;ID=349\" target=\"_blank\" rel=\"noopener\">Development of QTL by molecular markers for wheat quality traits (073-0730718-0536) <\/a><\/strong><br \/>\nProject leader: dr. sc. Dario Novoselovi\u0107<br \/>\nProject duration: 2007.-2014.<br \/>\nScientific project &#8211; Ministry of Science, Education and Sports (programme component)<\/p>\n<p><strong>Exchange of small grain cereals and maize germplasm resources between Croatia and Yellow river delta of China<\/strong><br \/>\nProject leader in Croatia: dr. sc. Kre\u0161imir Dvojkovi\u0107<br \/>\nProject duration: 2013.-2015.<br \/>\nBilateral scientific project &#8211; Ministry of Science, Education and Sports between Croatia and China<\/p>\n<p><strong>Genetic diversity of gluten proteins and their relation with wheat baking quality<\/strong><br \/>\nProject leader in Croatia: dr.sc. Daniela Horvat<br \/>\nProject duration: 2011.-2013.<br \/>\nBilateral scientific project &#8211; Ministry of Science, Education and Sports between Croatia and Serbia<\/p>\n","protected":false},"excerpt":{"rendered":"<p>EPPN2020 projects. GC\u2013MS based metabolic profiling identifies changes in the winter wheat seed following Fusarium treatment. Financed by Horizon2020. (2021.). Project leader: dr. sc. Valentina \u0160pani\u0107 EU project: Response of winter wheat to biotic and abiotic stresses induced by climatic changes. EU funds. (2019-2022). Project leader: dr. sc. Valentina \u0160pani\u0107 Bilateral project between Croatia and [&hellip;]<\/p>\n","protected":false},"author":1,"featured_media":0,"parent":3995,"menu_order":0,"comment_status":"closed","ping_status":"closed","template":"","meta":{"_acf_changed":false,"footnotes":""},"class_list":["post-4030","page","type-page","status-publish","hentry"],"acf":[],"_links":{"self":[{"href":"https:\/\/www.poljinos.hr\/en\/wp-json\/wp\/v2\/pages\/4030","targetHints":{"allow":["GET"]}}],"collection":[{"href":"https:\/\/www.poljinos.hr\/en\/wp-json\/wp\/v2\/pages"}],"about":[{"href":"https:\/\/www.poljinos.hr\/en\/wp-json\/wp\/v2\/types\/page"}],"author":[{"embeddable":true,"href":"https:\/\/www.poljinos.hr\/en\/wp-json\/wp\/v2\/users\/1"}],"replies":[{"embeddable":true,"href":"https:\/\/www.poljinos.hr\/en\/wp-json\/wp\/v2\/comments?post=4030"}],"version-history":[{"count":4,"href":"https:\/\/www.poljinos.hr\/en\/wp-json\/wp\/v2\/pages\/4030\/revisions"}],"predecessor-version":[{"id":6315,"href":"https:\/\/www.poljinos.hr\/en\/wp-json\/wp\/v2\/pages\/4030\/revisions\/6315"}],"up":[{"embeddable":true,"href":"https:\/\/www.poljinos.hr\/en\/wp-json\/wp\/v2\/pages\/3995"}],"wp:attachment":[{"href":"https:\/\/www.poljinos.hr\/en\/wp-json\/wp\/v2\/media?parent=4030"}],"curies":[{"name":"wp","href":"https:\/\/api.w.org\/{rel}","templated":true}]}}