{"id":4131,"date":"2022-02-23T13:18:32","date_gmt":"2022-02-23T12:18:32","guid":{"rendered":"https:\/\/www.poljinos.hr\/science\/departments\/department-agrochemical-laboratory\/publikacije\/"},"modified":"2022-05-20T15:07:02","modified_gmt":"2022-05-20T13:07:02","slug":"research-activities","status":"publish","type":"page","link":"https:\/\/www.poljinos.hr\/en\/science\/departments\/department-agrochemical-laboratory\/research-activities\/","title":{"rendered":"Research activities"},"content":{"rendered":"<div class=\"authors\"><strong>Mihaljevi\u0107, I., <u>Viljevac Vuleti\u0107, M.<\/u>, \u0160imi\u0107, D., Toma\u0161, V., <u>Horvat, D.<\/u>, Josipovi\u0107, M., Zduni\u0107, Z., Dugali\u0107, K., Vukovi\u0107, D. <\/strong>(2021): &#8220;<a href=\"https:\/\/www.mdpi.com\/2223-7747\/10\/3\/561\/htm\" target=\"_blank\" rel=\"noopener\">Comparative Study of Drought Stress Effects on Traditional and Modern Apple Cultivars<\/a>&#8220;, <em>Plants,<\/em> 10: 561.<\/div>\n<div class=\"authors\">\u00a0<\/div>\n<div class=\"authors\"><strong><u>Horvat, D.<\/u>, \u0160imi\u0107, G., Dvojkovi\u0107, K., Ivi\u0107, M., Plav\u0161in, I., Novoselovi\u0107, D. <\/strong>(2021): &#8220;<a href=\"https:\/\/www.mdpi.com\/2073-4395\/11\/2\/325\/htm\" target=\"_blank\" rel=\"noopener\">Gluten Protein Compositional Changes in Response to Nitrogen Application Rate<\/a>&#8220;, <em> Agronomy,<\/em> 11(2): 325, 12.<\/div>\n<div class=\"authors\">\u00a0<\/div>\n<div class=\"authors\">\n<div class=\"authors\"><strong>\u0160imi\u0107, G., Lali\u0107, A.,<u> Horvat, D.<\/u>, Zduni\u0107, Z., Koceva Komleni\u0107, D., Buci\u0107-Koji\u0107, A., Planini\u0107, M., Ti\u0161ma, M.<\/strong> (2021): &#8220;<a href=\"https:\/\/link.springer.com\/content\/pdf\/10.1007\/s11694-021-00857-2.pdf\" target=\"_blank\" rel=\"noopener\">Production and analysis of the flour from the hull-less barley<\/a>&#8220;,<em> Journal of Food Measurement and Characterization,<\/em> X: 1-9.<\/div>\n<div class=\"authors\">\u00a0<\/div>\n<\/div>\n<div class=\"authors\">\n<div class=\"authors\"><strong><u>Horvat, D<\/u>., \u0160imi\u0107, G., Drezner, G., Lali\u0107, A., Leden\u010dan, T., Tucak, M., Plav\u0161i\u0107, H., Andri\u0107, L., Zduni\u0107, Z.<\/strong> (2020): &#8220;<a href=\"https:\/\/www.mdpi.com\/2076-3921\/9\/6\/527\/htm\" target=\"_blank\" rel=\"noopener\">Phenolic Acids profiles and Antioxidant Activity of Major Cereal Crops<\/a><em>&#8220;, Antioxidants,<\/em> 9(6): 527, 12.<\/div>\n<\/div>\n<div class=\"authors\">\u00a0<\/div>\n<div class=\"authors\">\n<div class=\"authors\"><strong>Tucak, M., \u010cupi\u0107, T., <u>Horvat, D.<\/u>, Popovi\u0107, S., Krizmani\u0107, G., Ravli\u0107, M.<\/strong> (2020): &#8220;<a href=\"https:\/\/www.mdpi.com\/2073-4395\/10\/1\/87\/htm\" target=\"_blank\" rel=\"noopener\">Variation of Phytoestrogen Content and Major Agronomic Traits in Alfalfa (<em>Medicago sativa<\/em> L.) Populations<\/a>&#8220;, <em>Agronomy,<\/em> 10(1): 87, 11.<\/div>\n<div class=\"authors\">\u00a0<\/div>\n<\/div>\n<div class=\"authors\"><strong>Tucak, M., \u010cupi\u0107, T., <u>Horvat, D<\/u>., Krizmani\u0107, G., Ravli\u0107, M. <\/strong>(2020): &#8220;<a href=\"https:\/\/www.agrisp.com\/pdf\/2020_03_03.pdf\" target=\"_blank\" rel=\"noopener\">Coumestrol content in alfalfa breeding populations<\/a>&#8220;,<em> Agricultural Science and Practice,<\/em> 7(3): 25-31.<\/div>\n<p><strong><u>Viljevac Vuleti\u0107, M.<\/u>, \u0160pani\u0107, V.<\/strong> (2020): &#8220;<a href=\"https:\/\/ps.ueb.cas.cz\/getrevsrc.php?identification=public&amp;mag=phs&amp;raid=2400&amp;type=fin&amp;ver=2\" target=\"_blank\" rel=\"noopener\">Characterization of photosynthetic performance during natural leaf senescence in winter wheat: Multivariate analysis as a tool for phenotypic characterization<\/a>&#8220;, <em>Photosynthetica<\/em>, 58(2): 301-313.<\/p>\n<p><strong>\u0160pani\u0107, V., <u>Viljevac Vuleti\u0107, M., Horvat, D.<\/u>, \u0160arkanj, B., Drezner, G., Zduni\u0107, Z. <\/strong>(2020): &#8220;<a href=\"https:\/\/www.mdpi.com\/2076-0817\/9\/1\/17\/htm\" target=\"_blank\" rel=\"noopener\">Changes in antioxidant system during grain development of wheat (<em>Triticum aestivum<\/em> L.) and relationship with protein composition under FHB stress<\/a>&#8220;, <em>Pathogens<\/em>, 9(1): 17.<\/p>\n<p><strong>\u0160pani\u0107, V., Zduni\u0107, Z., Drezner, G., <u>Viljevac Vuleti\u0107, M.<\/u><\/strong> (2020): &#8220;<a href=\"https:\/\/bp.ueb.cas.cz\/pdfs\/bpl\/2020\/01\/39.pdf\" target=\"_blank\" rel=\"noopener\">Differences in physiological traits at the initial stage of Fusarium head blight infection in wheat<\/a>&#8220;, <em>Biologia plantarum<\/em>, 64: 185-192.<\/p>\n<p><strong>Mihaljevi\u0107, I., Lepedu\u0161, H., \u0160imi\u0107, D., <u>Viljevac Vuleti\u0107, M.<\/u>, Toma\u0161, V., Vukovi\u0107, D., Dugali\u0107, K., Tekli\u0107, T., Skendrovi\u0107 Babojeli\u0107, M., Zduni\u0107, Z. <\/strong>(2020): &#8220;<a href=\"https:\/\/www.sciencedirect.com\/science\/article\/abs\/pii\/S0254629919318903\" target=\"_blank\" rel=\"noopener\">Photochemical efficiency of photosystem II in two apple cultivars affected by elevated temperature and excess light in vivo<\/a>&#8220;, <em>South African journal of botany,<\/em> 130: 316-326.<\/p>\n<p><strong>\u0160pani\u0107, V., Zduni\u0107, Z., <u>Viljevac Vuleti\u0107, M.<\/u><\/strong><u> <\/u>(2020): &#8220;<a href=\"https:\/\/link.springer.com\/content\/pdf\/10.1007\/s11738-020-03096-y.pdf\" target=\"_blank\" rel=\"noopener\">Comparative changes in the physiological traits in the flag leaf of two senescing varieties of wheat (<em>Triticum aestivum<\/em> L.)<\/a>&#8220;, <em>Acta Physiologiae Plantarum,<\/em> 42(7): 108.<\/p>\n<p><strong><u>Horvat, D.<\/u>, Tucak, M., <u>Viljevac Vuleti\u0107, M<\/u>., \u010cupi\u0107, T., Krizmani\u0107, G., <u>Kova\u010devi\u0107 Babi\u0107, M<\/u><\/strong><u>. <\/u>(2020): &#8220;<a href=\"https:\/\/hrcak.srce.hr\/247719\" target=\"_blank\" rel=\"noopener\">Phenolic content and antioxidant activity of the Croatian red clover germplasm collection<\/a>&#8220;, <em>Poljoprivreda (Osijek)<\/em>, 26(2): 3-10.<\/p>\n<p><strong>Tucak, M., Popovi\u0107, S., <u>Horvat, D.,<\/u> \u010cupi\u0107, T., Krizmani\u0107, G., <u>Viljevac Vuleti\u0107, M.<\/u>, Ravli\u0107, M.<\/strong> (2019): &#8220;<a href=\"https:\/\/hrcak.srce.hr\/index.php?show=clanak&amp;id_clanak_jezik=322767\" target=\"_blank\" rel=\"noopener\">The characterization of isoflavone content in the Croatian red clover collection<\/a>&#8220;, Poljoprivreda (Osijek), 25(1): 3-11.<\/p>\n<p><strong><u>Viljevac Vuleti\u0107, M.,<\/u> Mar\u010dek, T., \u0160pani\u0107, V.<\/strong> (2019): &#8220;<a href=\"https:\/\/link.springer.com\/content\/pdf\/10.1007\/s40626-019-00153-x.pdf\" target=\"_blank\" rel=\"noopener\">Photosynthetic and antioxidative strategies of flag leaf maturation and its impact to grain yield of two field-grown wheat varieties<\/a>&#8220;, <em>Theoretical and Experimental Plant Physiology<\/em>, 31: 387-399.<\/p>\n<p><strong>\u0160pani\u0107, V., <u>Horvat, D<\/u><\/strong><u>.<\/u>, <strong>Drezner, G<\/strong>., <strong>Zduni\u0107, Z<\/strong>. (2019): &#8220;<a href=\"https:\/\/www.mdpi.com\/2076-0817\/8\/3\/112\/htm\" target=\"_blank\" rel=\"noopener\">Changes in protein composition in the grain and malt after Fusarium infection dependently of wheat resistance<\/a>&#8220;, <em>Pathogens,<\/em> 8(3),112.<\/p>\n<p><strong>Mar\u010dek, T., <u>Viljevac Vuleti\u0107, M.<\/u>, Bakula, I., Alivojvodi\u0107, S., \u0160pani\u0107, V. <\/strong>(2018): <a href=\"https:\/\/hrcak.srce.hr\/200549\" target=\"_blank\" rel=\"noopener\">&#8220;Time-course experiment of Fusarium infestation of wheat genotypes with the emphasis on the physiological response&#8221;<\/a>,<em> Croatian Journal of Food Science and Technology<\/em>, 10(1), 58-63.<\/p>\n<p><strong>\u0160pani\u0107, V., <u>Viljevac Vuleti\u0107, M.<\/u>, Abi\u010di\u0107, I., Mar\u010dek, T. (2017) <\/strong><a href=\"http:\/\/www.sciencedirect.com\/science\/article\/pii\/S0981942817300943\" target=\"_blank\" rel=\"noopener\">\u201eEarly response of wheat antioxidant system with special reference to Fusarium head blight stress\u201c<\/a>, <em> Plant physiology and biochemistry<\/em>, 115, 34-43.<\/p>\n<p><strong>\u0160imi\u0107, G., <u>Horvat, D.<\/u>, Dvojkovi\u0107, K., Abi\u010di\u0107, I., <u>Viljevac Vuleti\u0107, M.<\/u>, Tucak, M., Lali\u0107, A. (2017) <\/strong><a href=\"http:\/\/www.agriculturejournals.cz\/publicFiles\/208455.pdf\" target=\"_blank\" rel=\"noopener\">\u201eEvaluation of total phenolic content and antioxidant activity of malting and hulless barley grain and malt extracts\u201c<\/a>, <em> Czech journal of food sciences<\/em>, 35 (1), 73-78.<\/p>\n<p><strong>Markulj Kulund\u017ei\u0107, A., <u>Viljevac Vuleti\u0107, M.,<\/u> Joci\u0107, S., Cveji\u0107, S., Mato\u0161a Ko\u010dar, M., Miji\u0107, A., Liovi\u0107, I., Sudari\u0107, A., Lepedu\u0161, H., Kova\u010devi\u0107, J., Josipovi\u0107, Ana.<\/strong> (2016): <a class=\"smedjilink\" href=\"http:\/\/www.dgsgenetika.org.rs\/abstrakti\/vol48no3rad15.pdf\" target=\"_blank\" rel=\"noopener\">&#8220;Effect of different soil water content effect on genotype expession in photosynthetic efficiency and leaf temperature in sunflower<\/a>&#8220;, <em>Genetika-Belgrade,<\/em> 48 (3), 971<strong>&#8211;<\/strong>982.<\/p>\n<p><strong><u>Horvat, D.<\/u>, \u0160pani\u0107, V., Dvojkovi\u0107, K., \u0160imi\u0107, G., Magdi\u0107, D., Nevisti\u0107, A. <\/strong>(2015): <a href=\"http:\/\/www.akademiai.com\/doi\/abs\/10.1556\/CRC.2014.0023\" target=\"_blank\" rel=\"noopener\">\u201eThe Influence of Fusarium Infection on Wheat (<em>Triticum aestivum<\/em> L.) Proteins Distribution and Baking Quality\u201c,<\/a> <em>Cereal Research Communications<\/em>, 43 (1), 61-71.<\/p>\n<p><strong><u>Horvat, D.<\/u>, Drezner, G., <u>Sudar, R.<\/u>, \u0160imi\u0107, G., Dvojkovi\u0107, K., \u0160pani\u0107, V., Magdi\u0107, D.<\/strong> (2015): <a href=\"http:\/\/www.field-crops.org\/assets\/pdf\/product55c4658c9ead1.pdf\" target=\"_blank\" rel=\"noopener\">\u201eDistribution Of Wheat Protein Components Under Different Genetic Backgrounds And Environments\u201c<\/a>, <em>Turkish Journal of Field Crops<\/em>, 20 (2), 150-154.<\/p>\n<p><strong>\u017divan\u010dev, D., <u>Horvat, D.<\/u>,Torbica, A., Belovi\u0107, M., \u0160imi\u0107, G., Magdi\u0107, D., \u0110uki\u0107, N. <\/strong>(2015): <a href=\"https:\/\/www.hindawi.com\/journals\/jchem\/2015\/430328\/abs\/\" target=\"_blank\" rel=\"noopener\">\u201eBenefits and Limitations of Lab-on-a-Chip Method over Reversed-Phase High-Performance Liquid Chromatography Method in Gluten Proteins Evaluation\u201c<\/a>, <em>Journal of chemistry<\/em>, 9 pages.<\/p>\n<p><strong>Dugali\u0107, K., <u>Sudar, R.<\/u>, <u>Viljevac, M.<\/u>, Josipovi\u0107, M., \u010cupi\u0107, T. <\/strong>(2014): \u201e<a href=\"http:\/\/jast.modares.ac.ir\/article_11094_5044.html\" target=\"_blank\" rel=\"noopener\">Sorbitol and sugar composition in plum fruits influenced by climatic conditions<\/a>\u201d, <em>Journal of Agricultural Science and Technology<\/em>, 16, 1145-1155.<\/p>\n<p><strong>Markulj, A., <u>Viljevac Vuleti\u0107, M.<\/u>, Kova\u010devi\u0107, J., Josipovi\u0107, A., Liovi\u0107, I., Miji\u0107, A., Sudari\u0107, A., Mato\u0161a Ko\u010dar, M. <\/strong>(2014): \u201e<a href=\"http:\/\/bib.irb.hr\/prikazi-rad?&amp;rad=698781\" target=\"_blank\" rel=\"noopener\">Water deficiency effects on photosynthetic performance in leaves of sunflower plants at developmental stage of butonisation<\/a>\u201c, Proceedings of the 7<sup>th<\/sup> international scientific\/professional conference &#8220;Agriculture in nature and environment protection&#8221;, Vukovar, Baban, M., \u0110ur\u0111evi\u0107, B. (eds.), Glas Slavonije d.d., Osijek, 191-195.<\/p>\n<p><strong>Joki\u0107, S., <u>Sudar, R.<\/u>, Svilovi\u0107, S., Vidovi\u0107, S., Bili\u0107, M., Veli\u0107, D., Jurkovi\u0107, V.<\/strong> (2013): \u201e<a href=\"http:\/\/www.agriculturejournals.cz\/publicFiles\/89879.pdf\" target=\"_blank\" rel=\"noopener\">Fatty acid composition of the oil obtained from soybeans by extraction with supercritical carbon dioxide<\/a>\u201c, <em>Czech Journal of Food Sciences<\/em>, 31 (2), 116-125.<\/p>\n<p><strong><u>Viljevac, M.<\/u>, Dugali\u0107, K., Mihaljevi\u0107, I., \u0160imi\u0107, D., <u>Sudar, R.<\/u>, <u>Jurkovi\u0107, Z.<\/u>, <u>Lepedu\u0161, H<\/u>. <\/strong>(2013): \u201e<a href=\"http:\/\/www.abc.botanic.hr\/index.php\/abc\/article\/view\/722\" target=\"_blank\" rel=\"noopener\">Chlorophyll content, photosynthetic efficiency and genetic markers in two sour cherry (<em>Prunus cerasus<\/em> L.) genotypes under drought stress<\/a>\u201d, <em>Acta Botanica Croatica<\/em>, 72 (2), 221-235.<\/p>\n<p><strong><u>Sudar, R.<\/u>, Sudari\u0107, A., Josipovi\u0107, M., <u>Viljevac, M.<\/u> <\/strong>(2013): \u201c<a href=\"http:\/\/bib.irb.hr\/prikazi-rad?rad=651876\" target=\"_blank\" rel=\"noopener\">Oil and Triacylglycerols Composition of Soybean Lines<\/a>\u201d, <em>The Journal of Ege University Faculty of Agriculture<\/em>, 37 (2), 541-546.<\/p>\n<p><strong>\u0160pani\u0107, V., <u>Viljevac, M.<\/u>, Drezner, G., <u>Lepedu\u0161, H.<\/u> <\/strong>(2013): \u201c<a href=\"http:\/\/sa.agr.hr\/pdf\/2013\/sa2013_p0319.pdf\" target=\"_blank\" rel=\"noopener\">Chlorophyll fluorescence parameters and grain yield of winter wheat genotypes<\/a>\u201d Proceedings of the 48<sup>th<\/sup> Croatian and 8<sup>th<\/sup> International Symposium on Agriculture, Dubrovnik, Mari\u0107, S., Lon\u010dari\u0107, Z. (eds.), Faculty of Agriculture, University of Josip Juraj Strossmayer in Osijek, Osijek, 323-327.<\/p>\n<p><strong><u>Viljevac, M.<\/u>, Dugali\u0107, K., Jurkovi\u0107, V., Mihaljevi\u0107, I., Toma\u0161, V., <u>Sudar, R.<\/u>, \u010cmelik, Z., <u>Jurkovi\u0107, Z.<\/u><\/strong> (2013): \u201c<a href=\"http:\/\/sa.agr.hr\/pdf\/2013\/sa2013_p0809.pdf\" target=\"_blank\" rel=\"noopener\">Several pomological and chemical fruit properties of introduced sweet cherry cultivars in agroecological conditions of Eastern Slavonia<\/a>\u201d Proceedings of the 48<sup>th<\/sup> Croatian and 8<sup>th<\/sup> International Symposium on Agriculture, Dubrovnik, Mari\u0107, S., Lon\u010dari\u0107, Z. (eds.), Faculty of Agriculture, University of Josip Juraj Strossmayer in Osijek, Osijek, 860-864.<\/p>\n<p><strong><u>Horvat, D.<\/u>, Drezner, G., Dvojkovi\u0107, K., \u0160imi\u0107, G., Magdi\u0107, D., \u0160pani\u0107, V.<\/strong> (2012): \u201e<a href=\"https:\/\/bib.irb.hr\/prikazi-rad?&amp;rad=624156\" target=\"_blank\" rel=\"noopener\">End-use quality of wheat cultivars in different environments<\/a>\u201c, <em>Sjemenarstvo<\/em>, 29 (1-2), 5-13.<\/p>\n<p><strong><u>Viljevac, M.<\/u>, Dugali\u0107, K., Jurkovi\u0107, V., Mihaljevi\u0107, I., Toma\u0161, V., Pu\u0161kar, B., <u>Lepedu\u0161, H.<\/u>, <u>Sudar, R.<\/u>, <u>Jurkovi\u0107, Z.<\/u> <\/strong>(2012): \u201c<a href=\"http:\/\/www.doiserbia.nb.rs\/img\/doi\/1450-8109\/2012\/1450-81091202057V.pdf\" target=\"_blank\" rel=\"noopener\">Relation between polyphenols content and skin colour in sour cherry fruits<\/a>\u201d,<em> Journal of Agricultural Sciences<\/em>, 57 (2), 57-67.<\/p>\n<p><strong><u>Sudar, R.<\/u>, \u010cupi\u0107, T., Horvatski Zivalov, T., Sudari\u0107, A.<\/strong> (2012): \u201e<a href=\"http:\/\/bib.irb.hr\/prikazi-rad?rad=583811\" target=\"_blank\" rel=\"noopener\">Oligosaccharides in legume Grains<\/a>\u201c, Proceedings of the 6<sup>th<\/sup> European Congress on Food, Novi Sad, Levi\u0107, J. (ed.), Novi Sad, University of Novi Sad, Institute of Food Technology, 241-245.<\/p>\n<p><strong><u>Sudar, R.<\/u>, Joki\u0107, S., Veli\u0107, D., Bili\u0107, M., Sudari\u0107, A., Kelekovi\u0107, S., Zec Zrinu\u0161i\u0107, S.<\/strong> (2012): \u201e<a href=\"http:\/\/sa.agr.hr\/pdf\/2012\/sa2012_p0525.pdf?origin=publication_detail\" target=\"_blank\" rel=\"noopener\">Determination of isoflavones in soybean meal after supercritical carbon dioxide extraction<\/a>\u201c, Proceedings of the 47<sup>th<\/sup> Croatian and 7<sup>th<\/sup> International Symposium on Agriculture, Opatija, Pospi\u0161il, M. (ed.), Faculty of Agriculture, University of Zagreb, Zagreb, 561-564.<\/p>\n<p><strong>Joki\u0107, S., Zekovi\u0107, Z., Vidovi\u0107, S., <u>Sudar, R.<\/u>, Nemet, I., Bili\u0107, M., Veli\u0107, D.<\/strong> (2010): \u201e<a href=\"http:\/\/onlinelibrary.wiley.com\/doi\/10.1111\/j.1365-2621.2010.02358.x\/abstract\" target=\"_blank\" rel=\"noopener\">Supercritical CO2 extraction of soybean oil: process optimization and triacylglycerol composition<\/a>\u201c, <em>International Journal of Food Science &amp; Technology<\/em>, 45 (9), 1939-1946.<\/p>\n<p><strong>\u0160imi\u0107, D., <u>Sudar, R.<\/u>, Leden\u010dan, T., Jambrovi\u0107, A., Zduni\u0107, Z., Brki\u0107, I., Kova\u010devi\u0107, V. <\/strong>(2009): \u201e<a href=\"http:\/\/eprints.icrisat.ac.in\/94\/1\/Genetic_variation_of_bioavailable_iron_and_zinc_in_grain_of_a_maize_population.pdf\" target=\"_blank\" rel=\"noopener\">Genetic variation of bioavailable iron and zinc in grain of a maize population<\/a>\u201c, <em>Journal of Cereal Science<\/em>, 50 (3), 392-397.<\/p>\n<p><strong><u>Horvat, D.<\/u>, Drezner, G., Magdi\u0107, D., \u0160imi\u0107, G., Dvojkovi\u0107, K., Lukinac, J.<\/strong> (2009): <a href=\"https:\/\/bib.irb.hr\/datoteka\/398381.RAR_2009.pdf\" target=\"_blank\" rel=\"noopener\">\u201eEffect of an oxidizing improver on dough rheological properties and bread crumb structure in winter wheat cultivars (<em>Triticum aestivum<\/em> L.) with different gluten strength<\/a>\u201c, <em>Romanian Agricultural Research<\/em>, 26, 35-40.<\/p>\n<p><strong><u>Viljevac, M.<\/u>, Dugali\u0107, K., \u0160tolfa, I., \u0110ermi\u0107, E., Cvjetkovi\u0107, B., <u>Sudar, R.<\/u>, Kova\u010devi\u0107, J., Cesar, V., Lepedu\u0161, H., <u>Jurkovi\u0107, Z.<\/u><\/strong> (2009): \u201e<a href=\"http:\/\/www.ftb.com.hr\/index.php\/archives\/64-volume-47-issue-no-3\/204\" target=\"_blank\" rel=\"noopener\">Biochemical basis of apple leaf resistance to <em>Erwinia amylovora<\/em> infection<\/a>\u201c, <em>Food Technology and Biotechnology<\/em>, 47 (3), 281-287.<\/p>\n<p><strong>\u0160imi\u0107, G., Lali\u0107, A., Kova\u010devi\u0107, J., <u>Horvat, D.<\/u>, Lenart, L. <\/strong>(2008): \u201e<a href=\"https:\/\/bib.irb.hr\/prikazi-rad?&amp;lang=EN&amp;rad=335865\" target=\"_blank\" rel=\"noopener\">Effect of genotype and environment on spring barley hordeins<\/a>\u201c, <em>Cereal Research Communications<\/em>, 36 (Part 3\/S5), 1491-1494.<\/p>\n<p><strong><u>Horvat, D.<\/u>, Magdi\u0107, D., \u0160imi\u0107, G., Dvojkovi\u0107, K., Drezner, G. <\/strong>(2008): \u201e<a href=\"http:\/\/www.agr.unizg.hr\/smotra\/pdf_73\/acs73_02.pdf\" target=\"_blank\" rel=\"noopener\">The relation between dough rheology and bread crumb properties in winter wheat cultivars<\/a>\u201c, <em>Agriculturae Conspectus Scientificus<\/em>, 73 (1), 9-12.<\/p>\n<p><strong>Leden\u010dan, T., <u>Sudar, R.<\/u>, \u0160imi\u0107, D., Zduni\u0107, Z., Brki\u0107, A.<\/strong> (2008): \u201e<a href=\"https:\/\/bib.irb.hr\/prikazi-rad?lang=en&amp;rad=395851\" target=\"_blank\" rel=\"noopener\">Effects of the agroecological factors on sweet corn quality<\/a>\u201c, <em>Cereal Research Communications<\/em>, 36 (Part 2\/S6), 1411-1414.<\/p>\n","protected":false},"excerpt":{"rendered":"<p>Mihaljevi\u0107, I., Viljevac Vuleti\u0107, M., \u0160imi\u0107, D., Toma\u0161, V., Horvat, D., Josipovi\u0107, M., Zduni\u0107, Z., Dugali\u0107, K., Vukovi\u0107, D. (2021): &#8220;Comparative Study of Drought Stress Effects on Traditional and Modern Apple Cultivars&#8220;, Plants, 10: 561. \u00a0 Horvat, D., \u0160imi\u0107, G., Dvojkovi\u0107, K., Ivi\u0107, M., Plav\u0161in, I., Novoselovi\u0107, D. (2021): &#8220;Gluten Protein Compositional Changes in Response [&hellip;]<\/p>\n","protected":false},"author":1,"featured_media":2953,"parent":4129,"menu_order":0,"comment_status":"closed","ping_status":"closed","template":"","meta":{"_acf_changed":false,"footnotes":""},"class_list":["post-4131","page","type-page","status-publish","has-post-thumbnail","hentry"],"acf":[],"_links":{"self":[{"href":"https:\/\/www.poljinos.hr\/en\/wp-json\/wp\/v2\/pages\/4131","targetHints":{"allow":["GET"]}}],"collection":[{"href":"https:\/\/www.poljinos.hr\/en\/wp-json\/wp\/v2\/pages"}],"about":[{"href":"https:\/\/www.poljinos.hr\/en\/wp-json\/wp\/v2\/types\/page"}],"author":[{"embeddable":true,"href":"https:\/\/www.poljinos.hr\/en\/wp-json\/wp\/v2\/users\/1"}],"replies":[{"embeddable":true,"href":"https:\/\/www.poljinos.hr\/en\/wp-json\/wp\/v2\/comments?post=4131"}],"version-history":[{"count":2,"href":"https:\/\/www.poljinos.hr\/en\/wp-json\/wp\/v2\/pages\/4131\/revisions"}],"predecessor-version":[{"id":4133,"href":"https:\/\/www.poljinos.hr\/en\/wp-json\/wp\/v2\/pages\/4131\/revisions\/4133"}],"up":[{"embeddable":true,"href":"https:\/\/www.poljinos.hr\/en\/wp-json\/wp\/v2\/pages\/4129"}],"wp:featuredmedia":[{"embeddable":true,"href":"https:\/\/www.poljinos.hr\/en\/wp-json\/wp\/v2\/media\/2953"}],"wp:attachment":[{"href":"https:\/\/www.poljinos.hr\/en\/wp-json\/wp\/v2\/media?parent=4131"}],"curies":[{"name":"wp","href":"https:\/\/api.w.org\/{rel}","templated":true}]}}