{"id":8163,"date":"2024-03-15T14:30:58","date_gmt":"2024-03-15T13:30:58","guid":{"rendered":"https:\/\/www.poljinos.hr\/?page_id=8163"},"modified":"2024-11-26T13:43:21","modified_gmt":"2024-11-26T12:43:21","slug":"genotypic-selection-of-peas-under-climate-change","status":"publish","type":"page","link":"https:\/\/www.poljinos.hr\/en\/internal-projects\/genotypic-selection-of-peas-under-climate-change\/","title":{"rendered":"Genotypic selection of peas under climate change"},"content":{"rendered":"<p><strong>Full project title<\/strong><\/p>\n<p>Genotypic selection of peas under climate change<\/p>\n<p><strong>Project acronym<\/strong><\/p>\n<p>GEGS<\/p>\n<p><strong>Lead researcher<\/strong><\/p>\n<p>Tihomir \u010cupi\u0107, PhD, Senior Scientific Adviser<\/p>\n<p><strong>Project team members<\/strong><\/p>\n<ol>\n<li>Marijana Tucak, PhD, Senior Scientific Adviser, Agricultural Institute Osijek<\/li>\n<li>Goran Krizmani\u0107, PhD, Senior Scientific Associate, Agricultural Institute Osijek<\/li>\n<li>Ivica Berakovi\u0107, PhD, Scientific Associate, Agricultural Institute Osijek<\/li>\n<li>Branimir Toki\u0107, MSc, Professional Associate, Agricultural Institute Osijek<\/li>\n<li>Sonja Petrovi\u0107, PhD, Full Professor, Faculty of Agrobiotechnical Sciences Osijek<\/li>\n<li>Aleksandar Simi\u0107, PhD, Full Professor, Faculty of Agriculture, University of Belgrade, Serbia<\/li>\n<\/ol>\n<p><strong>Project financing source<\/strong><\/p>\n<p>National Recovery and Resilience Plan 2021-2026 within the framework of the Program Agreement with the Ministry of Science, Education and Youth<\/p>\n<p><strong>Project budget<\/strong><\/p>\n<p>31.800,00 EUR<\/p>\n<p><strong>Project summary<\/strong><\/p>\n<p>At the Agricultural Institute Osijek, pea breeding programs for livestock feeding have been carried out for many years. Previous breeding was based on the creation of pea cultivars for grain, which are sown in the spring. However, due to climate change, pea grain yields fluctuate and are getting lower. Therefore, it is necessary to change the approach to the problem and respond adequately through a change in agricultural technology as one of the forms that we can influence. In order to ensure early flowering of pea plants in optimal conditions at an average daily temperature of 25\u00b0C with sufficient amounts of water for pouring grains. Therefore, it is necessary to change the sowing date from spring to autumn. The new principle of agro-technics opens up new challenges in breeding and requires the creation of a new breeding population and elite lines. In order to maintain high yields and grain quality, it is necessary to select materials that, in addition to the above-mentioned characteristics, also have satisfactory resistance to low temperatures and resistance\/tolerance to freezing. Creating a very broad breeding population that will have tolerance\/resistance to freezing and tolerance to frequent interruptions of the dormancy phase is a priority. For such breeding, it is necessary to carry out selection under controlled conditions with frequent temperature changes and to study the mechanisms of response to freezing. The application of the method of accelerated breeding in combination with the method of one seed enables the application and creation of new tools in breeding.<\/p>\n<p><strong>Project aims<\/strong><\/p>\n<ul>\n<li>Develop a new winter pea breeding program for grain<\/li>\n<li>Strengthen the interaction between basic and applied science and transfer research results from the laboratory to the field<\/li>\n<\/ul>\n<p><img decoding=\"async\" class=\"aligncenter size-large wp-image-8130\" src=\"http:\/\/www.poljinos.hr\/wp-content\/uploads\/2024\/11\/funded-eu-1024x265.jpg\" alt=\"Funded by European Union\" width=\"1024\" height=\"265\" srcset=\"https:\/\/www.poljinos.hr\/wp-content\/uploads\/2024\/11\/funded-eu-1024x265.jpg 1024w, https:\/\/www.poljinos.hr\/wp-content\/uploads\/2024\/11\/funded-eu-300x78.jpg 300w, https:\/\/www.poljinos.hr\/wp-content\/uploads\/2024\/11\/funded-eu-768x199.jpg 768w, https:\/\/www.poljinos.hr\/wp-content\/uploads\/2024\/11\/funded-eu.jpg 1200w\" sizes=\"(max-width: 1024px) 100vw, 1024px\" \/><\/p>\n","protected":false},"excerpt":{"rendered":"<p>Full project title Genotypic selection of peas under climate change Project acronym GEGS Lead researcher Tihomir \u010cupi\u0107, PhD, Senior Scientific Adviser Project team members Marijana Tucak, PhD, Senior Scientific Adviser, Agricultural Institute Osijek Goran Krizmani\u0107, PhD, Senior Scientific Associate, Agricultural Institute Osijek Ivica Berakovi\u0107, PhD, Scientific Associate, Agricultural Institute Osijek Branimir Toki\u0107, MSc, Professional Associate, [&hellip;]<\/p>\n","protected":false},"author":1,"featured_media":0,"parent":8119,"menu_order":0,"comment_status":"closed","ping_status":"closed","template":"","meta":{"_acf_changed":false,"footnotes":""},"class_list":["post-8163","page","type-page","status-publish","hentry"],"acf":[],"_links":{"self":[{"href":"https:\/\/www.poljinos.hr\/en\/wp-json\/wp\/v2\/pages\/8163","targetHints":{"allow":["GET"]}}],"collection":[{"href":"https:\/\/www.poljinos.hr\/en\/wp-json\/wp\/v2\/pages"}],"about":[{"href":"https:\/\/www.poljinos.hr\/en\/wp-json\/wp\/v2\/types\/page"}],"author":[{"embeddable":true,"href":"https:\/\/www.poljinos.hr\/en\/wp-json\/wp\/v2\/users\/1"}],"replies":[{"embeddable":true,"href":"https:\/\/www.poljinos.hr\/en\/wp-json\/wp\/v2\/comments?post=8163"}],"version-history":[{"count":2,"href":"https:\/\/www.poljinos.hr\/en\/wp-json\/wp\/v2\/pages\/8163\/revisions"}],"predecessor-version":[{"id":8169,"href":"https:\/\/www.poljinos.hr\/en\/wp-json\/wp\/v2\/pages\/8163\/revisions\/8169"}],"up":[{"embeddable":true,"href":"https:\/\/www.poljinos.hr\/en\/wp-json\/wp\/v2\/pages\/8119"}],"wp:attachment":[{"href":"https:\/\/www.poljinos.hr\/en\/wp-json\/wp\/v2\/media?parent=8163"}],"curies":[{"name":"wp","href":"https:\/\/api.w.org\/{rel}","templated":true}]}}