{"id":8179,"date":"2024-03-15T14:46:46","date_gmt":"2024-03-15T13:46:46","guid":{"rendered":"https:\/\/www.poljinos.hr\/?page_id=8179"},"modified":"2024-11-26T13:49:15","modified_gmt":"2024-11-26T12:49:15","slug":"the-role-of-genetic-specificity-plant-growth-regulators-and-biostimulants-in-increasing-the-resistance-to-abiotic-and-biotic-stress-yield-and-quality-of-sour-cherry-fruit","status":"publish","type":"page","link":"https:\/\/www.poljinos.hr\/en\/internal-projects\/the-role-of-genetic-specificity-plant-growth-regulators-and-biostimulants-in-increasing-the-resistance-to-abiotic-and-biotic-stress-yield-and-quality-of-sour-cherry-fruit\/","title":{"rendered":"The role of genetic specificity, plant growth regulators, and biostimulants in increasing the resistance to abiotic and biotic stress, yield, and quality of sour cherry fruit"},"content":{"rendered":"<p><strong>Full project title<\/strong><\/p>\n<p>The role of genetic specificity, plant growth regulators, and biostimulants in increasing the resistance to abiotic and biotic stress, yield, and quality of sour cherry fruit<\/p>\n<p><strong>Project acronym <\/strong><\/p>\n<p>GIBB-VI<\/p>\n<p><strong>Lead resercher<\/strong><\/p>\n<p>Ines Mihaljevi\u0107, PhD, Scientific Associate<\/p>\n<p><strong>Project team members<\/strong><\/p>\n<ol>\n<li>Vesna Toma\u0161, PhD, Scientific Associate, Agricultural Institute Osijek<\/li>\n<li>Krunoslav Dugali\u0107, PhD, Scientific Associate, Assistant Professor, Agricultural Institute Osijek<\/li>\n<li>Dominik Vukovi\u0107, MSc, Professional Associate, Agricultural Institute Osijek<\/li>\n<\/ol>\n<p><strong>Project financing source<\/strong><\/p>\n<p>Nacionalni plan oporavka i otpornosti 2021.-2026. u okviru Programskog ugovora s Ministarstvom znanosti i obrazovanja<\/p>\n<p><strong>Project budget<\/strong><\/p>\n<p>42,000.00 EUR<\/p>\n<p><strong>Project summary<\/strong><\/p>\n<p>Sour cherry production in the Republic of Croatia predominantly relies on the &#8216;Obla\u010dinska&#8217; variety, whose origin is unknown due to the uncontrolled exchange of its reproductive material accros the regions. This situation has led to the appearance of different genotypes in orchards and heterogeneity within the &#8220;same&#8221; species with different phenotypic characteristics of trees. However, sour cherry yields in Croatia remain notably low, making production non-competitive and unprofitable. The presence of pathogens in orchards, resulting from the withdrawal of a large number of plant protection products from the market and the transition to ecological protection measures, as well as the increasing occurrence of abiotic stress events due to climate change, has a significant impact on the low yield. The solution of this problem are the selection within the population of &#8216;Obla\u010dinska&#8217; as well as the introduction of new varieties to meet market demands. In order to recommend and introduce new varieties of sour cherries, it is necessary to carry out research on their key agronomic properties and resistance to environmental stresses. Therefore it is necessary to gain insights into the value and suitability of the new assortment under the agroecolocial conditions of Eastern Slavonia. In line with environmentally sustainable trends, the utilization of plant growth regulators, biostimulants, and microbiological preparations represents one of the possible solutions to address the issues of abiotic and biotic stress, as well as to enhance fruit quality. Research on the application of ecologically acceptable growing methods represents a key step towards the improvement of fruit growing, providing the foundations for sustainable and profitable sour cherry production in the future. The project will provide new insights into the adaptability of new cherry varieties to local conditions, their resistance to diseases and pests, as well as their potential for high yield and quality.<\/p>\n<p><strong>Project aims<\/strong><\/p>\n<p>The primary objective is to investigate the advantages of various assortments of sour cherries for intensive production, aiming to sustain fruit production due the challenges of global climate change<\/p>\n<p>Additional objectives:<\/p>\n<ul>\n<li>Research the efficacy of various combinations of plant growth regulators, biostimulants, and fertilizers on fertilization, fruit setting, and fruit quality<\/li>\n<li>Identify the impact of climate factors on fertilization, fertility, and fruit quality<\/li>\n<li>Determine diferences in the quality and bioactive components of fruit among the tested varieties<\/li>\n<li>Identify diferences in the resistance of individual varieties to high temperatures and drought, and assess the effectiveness of biostimulators in mitigating abiotic stress<\/li>\n<li>Conduct field tests to assess the efficacy of biostimulators combined with microbiological fungicides on fruit health, and evaluate the genetic resistance of tested\u00a0 sour cherry varieties to disease susceptibility<\/li>\n<li>Improve scientific activities by publishing scientific papers in journals<\/li>\n<li>Disseminate research findings to both the scientific community and the general public<\/li>\n<\/ul>\n<p><img decoding=\"async\" class=\"aligncenter size-large wp-image-8130\" src=\"http:\/\/www.poljinos.hr\/wp-content\/uploads\/2024\/11\/funded-eu-1024x265.jpg\" alt=\"Funded by European Union\" width=\"1024\" height=\"265\" srcset=\"https:\/\/www.poljinos.hr\/wp-content\/uploads\/2024\/11\/funded-eu-1024x265.jpg 1024w, https:\/\/www.poljinos.hr\/wp-content\/uploads\/2024\/11\/funded-eu-300x78.jpg 300w, https:\/\/www.poljinos.hr\/wp-content\/uploads\/2024\/11\/funded-eu-768x199.jpg 768w, https:\/\/www.poljinos.hr\/wp-content\/uploads\/2024\/11\/funded-eu.jpg 1200w\" sizes=\"(max-width: 1024px) 100vw, 1024px\" \/><\/p>\n","protected":false},"excerpt":{"rendered":"<p>Full project title The role of genetic specificity, plant growth regulators, and biostimulants in increasing the resistance to abiotic and biotic stress, yield, and quality of sour cherry fruit Project acronym GIBB-VI Lead resercher Ines Mihaljevi\u0107, PhD, Scientific Associate Project team members Vesna Toma\u0161, PhD, Scientific Associate, Agricultural Institute Osijek Krunoslav Dugali\u0107, PhD, Scientific Associate, [&hellip;]<\/p>\n","protected":false},"author":1,"featured_media":0,"parent":8119,"menu_order":0,"comment_status":"closed","ping_status":"closed","template":"","meta":{"_acf_changed":false,"footnotes":""},"class_list":["post-8179","page","type-page","status-publish","hentry"],"acf":[],"_links":{"self":[{"href":"https:\/\/www.poljinos.hr\/en\/wp-json\/wp\/v2\/pages\/8179","targetHints":{"allow":["GET"]}}],"collection":[{"href":"https:\/\/www.poljinos.hr\/en\/wp-json\/wp\/v2\/pages"}],"about":[{"href":"https:\/\/www.poljinos.hr\/en\/wp-json\/wp\/v2\/types\/page"}],"author":[{"embeddable":true,"href":"https:\/\/www.poljinos.hr\/en\/wp-json\/wp\/v2\/users\/1"}],"replies":[{"embeddable":true,"href":"https:\/\/www.poljinos.hr\/en\/wp-json\/wp\/v2\/comments?post=8179"}],"version-history":[{"count":2,"href":"https:\/\/www.poljinos.hr\/en\/wp-json\/wp\/v2\/pages\/8179\/revisions"}],"predecessor-version":[{"id":8185,"href":"https:\/\/www.poljinos.hr\/en\/wp-json\/wp\/v2\/pages\/8179\/revisions\/8185"}],"up":[{"embeddable":true,"href":"https:\/\/www.poljinos.hr\/en\/wp-json\/wp\/v2\/pages\/8119"}],"wp:attachment":[{"href":"https:\/\/www.poljinos.hr\/en\/wp-json\/wp\/v2\/media?parent=8179"}],"curies":[{"name":"wp","href":"https:\/\/api.w.org\/{rel}","templated":true}]}}