{"id":8190,"date":"2024-03-15T14:38:54","date_gmt":"2024-03-15T13:38:54","guid":{"rendered":"https:\/\/www.poljinos.hr\/?page_id=8190"},"modified":"2024-11-26T13:56:15","modified_gmt":"2024-11-26T12:56:15","slug":"influence-of-combined-abiotic-stresses-and-climatic-oscillations-on-production-and-quality-of-seed","status":"publish","type":"page","link":"https:\/\/www.poljinos.hr\/en\/internal-projects\/influence-of-combined-abiotic-stresses-and-climatic-oscillations-on-production-and-quality-of-seed\/","title":{"rendered":"Influence of combined abiotic stresses and climatic oscillations on production and quality of seed"},"content":{"rendered":"<p><strong>Full project title<\/strong><\/p>\n<p>Influence of combined abiotic stresses and climatic oscillations on production and quality of seed<\/p>\n<p><strong>Project acronym<\/strong><\/p>\n<p>KASKO PRO SJEME<\/p>\n<p><strong>Lead researcher<\/strong><\/p>\n<p>Sonja Grlju\u0161i\u0107, PhD, Senior Scientific Adviser<\/p>\n<p><strong>Project team members<\/strong><\/p>\n<ol>\n<li>Luka Andri\u0107, PhD, Senior Scientific Adviser, Agricultural Institute Osijek<\/li>\n<li>Zvonimir Zduni\u0107, PhD, EMBA, Senior Scientific Advisor, Full Professor, Agricultural Institute Osijek<\/li>\n<li>Hrvoje Plav\u0161i\u0107, PhD, Scientific Associate, Agricultural Institute Osijek<\/li>\n<li>Branimir \u0160imi\u0107, PhD, Senior Scientific Adviser, Agricultural Institute Osijek<\/li>\n<li>Nikolina \u0160imi\u0107, dipl. ing. agr., Professional Associate, Agricultural Institute Osijek<\/li>\n<li>Dejan Agi\u0107, PhD, Associate Professor, Faculty of Agrobiotechnical Sciences Osijek<\/li>\n<\/ol>\n<p><strong>Project financing source<\/strong><\/p>\n<p>National Recovery and Resilience Plan 2021-2026 within the framework of the Program Agreement with the Ministry of Science, Education and Youth<\/p>\n<p><strong>Project budget<\/strong><\/p>\n<p>42.000,00 EUR<\/p>\n<p><strong>Project summary<\/strong><\/p>\n<p>Occurrence of extremes due to climatic oscillations during seed production of arable crops, and negative impact of climatic changes on yield and quality of produced seed highlight the need to find adequate solutions and to develop improved high-quality seed production systems under new conditions. Therefore, the overall objective of the project is to gain new knowledge about the influence of combined abiotic stresses and climatic oscillations on production and quality of seed, and to test\/implement new techniques and methods of pre-sowing treatments and seed production in order to adapt to\/mitigate the negative consequences of climatic changes. Specific objectives of the project include (1) analysis of domestic cultivars seed reaction to different abiotic stresses combinations, variants of pre-sowing treatments and their interactions, (2) identification of cultivars and pre-sowing treatments for anticipated production conditions, (3) definition of\u00a0 most advantageous solutions (combinations of genotypes, pre-sowing treatments and environments) to achieve maximum return, (4) publishing of research results in scientific and professional journals and congress proceedings, (5) dissemination of results to a wider public, and (6) introduction and involvement of student population in implementation phases of the project.<\/p>\n<p>Upon project completion, implementation of optimal solutions for development of improved seed production systems to increase yields, incomes and production stability, as well as raised public awareness about importance and benefits of new, environmentally acceptable technologies implementation in production systems are expected.<\/p>\n<p><strong>Project aims<\/strong><\/p>\n<p>A) Overall project objective: Gaining new knowledge about the influence of combined abiotic stresses and climatic oscillations on the production and quality of seed, and testing\/implementation of new techniques and methods of pre-sowing treatments and seed production in order to adapt to\/mitigate the negative consequences of climatic changes on growth, development, yield and quality of seed crop production.<br \/>\nB) Specific project objectives:<\/p>\n<ol>\n<li>To analyse domestic cultivars seed reaction to different abiotic stresses combinations (A), variants of pre-sowing treatments (B) and interactions AxB in the stages of germination and early seedling growth;<\/li>\n<li>To identify cultivars and pre-sowing variants for anticipated production conditions;<\/li>\n<li>To define most advantageous solutions (combinations of genotypes, pre-sowing treatments and environments) for achieving maximum return;<\/li>\n<li>To publish research results in scientific and professional journals and congress proceedings;<\/li>\n<li>To disseminate results to a wider public with particular regard to end-users of seed by workshops\/meetings;<\/li>\n<li>To introduce and involve student population into project implementation for gathering reliable empiric data for their final thesis\/dissertation.<\/li>\n<\/ol>\n<p><img decoding=\"async\" class=\"aligncenter size-large wp-image-8130\" src=\"http:\/\/www.poljinos.hr\/wp-content\/uploads\/2024\/11\/funded-eu-1024x265.jpg\" alt=\"Funded by European Union\" width=\"1024\" height=\"265\" srcset=\"https:\/\/www.poljinos.hr\/wp-content\/uploads\/2024\/11\/funded-eu-1024x265.jpg 1024w, https:\/\/www.poljinos.hr\/wp-content\/uploads\/2024\/11\/funded-eu-300x78.jpg 300w, https:\/\/www.poljinos.hr\/wp-content\/uploads\/2024\/11\/funded-eu-768x199.jpg 768w, https:\/\/www.poljinos.hr\/wp-content\/uploads\/2024\/11\/funded-eu.jpg 1200w\" sizes=\"(max-width: 1024px) 100vw, 1024px\" \/><\/p>\n","protected":false},"excerpt":{"rendered":"<p>Full project title Influence of combined abiotic stresses and climatic oscillations on production and quality of seed Project acronym KASKO PRO SJEME Lead researcher Sonja Grlju\u0161i\u0107, PhD, Senior Scientific Adviser Project team members Luka Andri\u0107, PhD, Senior Scientific Adviser, Agricultural Institute Osijek Zvonimir Zduni\u0107, PhD, EMBA, Senior Scientific Advisor, Full Professor, Agricultural Institute Osijek Hrvoje [&hellip;]<\/p>\n","protected":false},"author":1,"featured_media":0,"parent":8119,"menu_order":0,"comment_status":"closed","ping_status":"closed","template":"","meta":{"_acf_changed":false,"footnotes":""},"class_list":["post-8190","page","type-page","status-publish","hentry"],"acf":[],"_links":{"self":[{"href":"https:\/\/www.poljinos.hr\/en\/wp-json\/wp\/v2\/pages\/8190","targetHints":{"allow":["GET"]}}],"collection":[{"href":"https:\/\/www.poljinos.hr\/en\/wp-json\/wp\/v2\/pages"}],"about":[{"href":"https:\/\/www.poljinos.hr\/en\/wp-json\/wp\/v2\/types\/page"}],"author":[{"embeddable":true,"href":"https:\/\/www.poljinos.hr\/en\/wp-json\/wp\/v2\/users\/1"}],"replies":[{"embeddable":true,"href":"https:\/\/www.poljinos.hr\/en\/wp-json\/wp\/v2\/comments?post=8190"}],"version-history":[{"count":2,"href":"https:\/\/www.poljinos.hr\/en\/wp-json\/wp\/v2\/pages\/8190\/revisions"}],"predecessor-version":[{"id":8200,"href":"https:\/\/www.poljinos.hr\/en\/wp-json\/wp\/v2\/pages\/8190\/revisions\/8200"}],"up":[{"embeddable":true,"href":"https:\/\/www.poljinos.hr\/en\/wp-json\/wp\/v2\/pages\/8119"}],"wp:attachment":[{"href":"https:\/\/www.poljinos.hr\/en\/wp-json\/wp\/v2\/media?parent=8190"}],"curies":[{"name":"wp","href":"https:\/\/api.w.org\/{rel}","templated":true}]}}